{"id":3281,"date":"2017-12-21T10:37:29","date_gmt":"2017-12-21T10:37:29","guid":{"rendered":"https:\/\/www.gasthaus-gerschnialp.ch\/die-gerschnialp\/"},"modified":"2021-10-22T15:33:04","modified_gmt":"2021-10-22T15:33:04","slug":"the-gerschnialp","status":"publish","type":"page","link":"https:\/\/backup.gasthaus-gerschnialp.ch\/en\/the-gerschnialp\/","title":{"rendered":"The Gerschnialp"},"content":{"rendered":"\t\t<div data-elementor-type=\"wp-post\" data-elementor-id=\"3281\" class=\"elementor elementor-3281\">\n\t\t\t\t\t\t\t\t\t<section class=\"elementor-section elementor-top-section elementor-element elementor-element-747c9703 elementor-section-full_width elementor-section-height-default elementor-section-height-default\" data-id=\"747c9703\" data-element_type=\"section\">\n\t\t\t\t\t\t<div class=\"elementor-container elementor-column-gap-no\">\n\t\t\t\t\t<div class=\"elementor-column elementor-col-100 elementor-top-column elementor-element elementor-element-770497cc\" data-id=\"770497cc\" data-element_type=\"column\">\n\t\t\t<div class=\"elementor-widget-wrap elementor-element-populated\">\n\t\t\t\t\t\t\t\t<div class=\"elementor-element elementor-element-59fe1eb6 elementor-widget elementor-widget-themo-slider\" data-id=\"59fe1eb6\" data-element_type=\"widget\" data-widget_type=\"themo-slider.default\">\n\t\t\t\t<div class=\"elementor-widget-container\">\n\t\t\t\n\t\t<div id=\"main-flex-slider\" class=\"flexslider\">\n\t\t\t<ul class=\"slides\">\n\t\t\t\t\n                    \n                    \n\t\t\t\t\t\t\t\t\t\t                    \n                    <li class=\"elementor-repeater-item-b038645\">\n\t\t\t\t\t\t<div class=\"slider-bg slide-cal-center \">\n                            <div class=\"th-slide-wrap th-slider-overlay has-image-bg\">\n                                <div class=\"th-slide-inner  th-centered\">\n                                    <div class=\"th-slide-content\">\n                                                                                    <h2 class=\"slider-title\">ADVENTURES<\/h2>\n                                        \n                                                                                    <div class=\"slider-subtitle\">\n                                                <p>Summer &amp; Winter: the Gerschnialp as an ideal starting point<\/p>\n                                            <\/div>\n                                                                                \n                                        \n                                                                                                                                                                            \n                                            <div><\/div>                                                                            <\/div>\n                                <\/div>\n\t\t\t\t\t\t\t<\/div>\n\t\t\t\t\t\t<\/div>\n\t\t\t\t\t<\/li>\n\t\t\t\t\n                    \n                    \n\t\t\t\t\t\t\t\t\t\t                    \n                    <li class=\"elementor-repeater-item-c8958b4\">\n\t\t\t\t\t\t<div class=\"slider-bg slide-cal-center  \">\n                            <div class=\"th-slide-wrap th-slider-overlay has-image-bg th-slide-wrap th-slider-overlay has-image-bg\">\n                                <div class=\"th-slide-inner  th-centered\">\n                                    <div class=\"th-slide-content\">\n                                                                                    <h2 class=\"slider-title\">ADVENTURES<\/h2>\n                                        \n                                                                                    <div class=\"slider-subtitle\">\n                                                <p>Summer &amp; Winter: the Gerschnialp as an ideal starting point<\/p>\n                                            <\/div>\n                                                                                \n                                        \n                                                                                                                                                                            \n                                            <div class=\"th-book-cal-small th-centered\">[booked-calendar]<\/div>                                                                            <\/div>\n                                <\/div>\n\t\t\t\t\t\t\t<\/div>\n\t\t\t\t\t\t<\/div>\n\t\t\t\t\t<\/li>\n\t\t\t\t\t\t\t<\/ul>\n\n\t\t\t\t\t<\/div>\n\n\t\t<script>\n\t\t\tjQuery( function ( $ ) {\n\n\t\t\t\tthemo_start_flex_slider(\n\t\t\t\t\t'.flexslider',\n                    true,\n\t\t\t\t\t'fade',\n\t\t\t\t\t'swing',\n\t\t\t\t\ttrue,\n\t\t\t\t\ttrue,\n\t\t\t\t\t4000,\n\t\t\t\t\t550,\n\t\t\t\t\tfalse,\n\t\t\t\t\ttrue,\n\t\t\t\t\ttrue,\n\t\t\t\t\ttrue,\n\t\t\t\t\ttrue\t\t\t\t);\n\t\t\t} );\n\t\t<\/script>\n\t\t\t\t<\/div>\n\t\t\t\t<\/div>\n\t\t\t\t\t<\/div>\n\t\t<\/div>\n\t\t\t\t\t\t\t<\/div>\n\t\t<\/section>\n\t\t\t\t<section class=\"elementor-section elementor-top-section elementor-element elementor-element-704b544e elementor-section-full_width elementor-section-height-default elementor-section-height-default\" data-id=\"704b544e\" data-element_type=\"section\">\n\t\t\t\t\t\t<div class=\"elementor-container elementor-column-gap-default\">\n\t\t\t\t\t<div class=\"elementor-column elementor-col-50 elementor-top-column elementor-element elementor-element-7625e27a\" data-id=\"7625e27a\" data-element_type=\"column\" data-settings=\"{&quot;background_background&quot;:&quot;classic&quot;}\">\n\t\t\t<div class=\"elementor-widget-wrap elementor-element-populated\">\n\t\t\t\t\t\t\t\t<div class=\"elementor-element elementor-element-704bd68e elementor-position-left elementor-view-default elementor-widget elementor-widget-themo-header\" data-id=\"704bd68e\" data-element_type=\"widget\" data-widget_type=\"themo-header.default\">\n\t\t\t\t<div class=\"elementor-widget-container\">\n\t\t\t\t\t<div class=\"th-header-wrap\">\n        <div class=\"elementor-icon-box-wrapper \">\n                            <div class=\"elementor-icon-box-content\">\n                    <h3 class=\"elementor-icon-box-title\">\n                        The Gerschnialp                    <\/h3>\n                                        <p class=\"elementor-icon-box-description\">\nThe Gerschnialp is located 1263 metres above sea level.Under the famous foliage at the foot of the Titlis and is easily accessible by funicular.  Or by foot ca. 40 minutes above Engelberg.\n\nExtra rides on the funicular outside the regular timetable are possible and can be arranged with Titlis AG.\n\nThe aerial cableway \"Angel Eyes\" from Gerschnialp to Tr\u00fcbsee runs from Christmas to Easter from 10 am to 3 pm, on the hour.\n\nIn winter we have a bus service that goes back and forth every 5 to 10 minutes from the Gerschnialp station to the restaurant.   We will gladly pick you up with the skibus and is free for our hotel guests.\n\nIn summer we also offer you by arrangement a transport from the mountain station Gerschnialp to our restaurant.\n\nFrom the Gerschnialp mountain station you can reach us by foot in 10 minutes.\n\nIn summer, our house can be reached by car, on foot or by bicycle.\n\nVehicles can be parked at the valley station of the Engelberg-Titlis Station.\nOr directly beside our Restaurant.\n\nAs our guest you will receive the parking space for CHF 10.00 in winter and for CHF 5.00 in summer per day. Contact <a href=\"https:\/\/www.titlis.ch\/en\" target=\"_blank\">www.titlis.ch<\/a> or by phone +41 41 639 50 50. For more information.<\/p>\n\n                                    <\/div>\n            <\/div>\n\n        <\/div>\n\n\t\t\t\t<\/div>\n\t\t\t\t<\/div>\n\t\t\t\t\t<\/div>\n\t\t<\/div>\n\t\t\t\t<div class=\"elementor-column elementor-col-50 elementor-top-column elementor-element elementor-element-2087f65\" data-id=\"2087f65\" data-element_type=\"column\">\n\t\t\t<div class=\"elementor-widget-wrap elementor-element-populated\">\n\t\t\t\t\t\t\t\t<div class=\"elementor-element elementor-element-d231c29 elementor-arrows-position-inside elementor-pagination-position-outside elementor-widget elementor-widget-image-carousel\" data-id=\"d231c29\" data-element_type=\"widget\" data-settings=\"{&quot;slides_to_show&quot;:&quot;1&quot;,&quot;navigation&quot;:&quot;both&quot;,&quot;autoplay&quot;:&quot;yes&quot;,&quot;pause_on_hover&quot;:&quot;yes&quot;,&quot;pause_on_interaction&quot;:&quot;yes&quot;,&quot;autoplay_speed&quot;:5000,&quot;infinite&quot;:&quot;yes&quot;,&quot;effect&quot;:&quot;slide&quot;,&quot;speed&quot;:500}\" data-widget_type=\"image-carousel.default\">\n\t\t\t\t<div class=\"elementor-widget-container\">\n\t\t\t<style>\/*! elementor - v3.13.0 - 08-05-2023 *\/\n.elementor-widget-image-carousel .swiper,.elementor-widget-image-carousel .swiper-container{position:static}.elementor-widget-image-carousel .swiper-container .swiper-slide figure,.elementor-widget-image-carousel .swiper .swiper-slide figure{line-height:inherit}.elementor-widget-image-carousel .swiper-slide{text-align:center}.elementor-image-carousel-wrapper:not(.swiper-container-initialized):not(.swiper-initialized) .swiper-slide{max-width:calc(100% \/ var(--e-image-carousel-slides-to-show, 3))}<\/style>\t\t<div class=\"elementor-image-carousel-wrapper swiper\" dir=\"ltr\">\n\t\t\t<div class=\"elementor-image-carousel swiper-wrapper\">\n\t\t\t\t\t\t\t\t<div class=\"swiper-slide\"><figure class=\"swiper-slide-inner\"><img decoding=\"async\" class=\"swiper-slide-image\" src=\"https:\/\/backup.gasthaus-gerschnialp.ch\/wp-content\/uploads\/2018\/08\/geschichte_1-1024x553.jpg\" alt=\"Die Gerschnialp um ca. 1900\" \/><figcaption class=\"elementor-image-carousel-caption\">Die Gerschnialp um ca. 1900<\/figcaption><\/figure><\/div><div class=\"swiper-slide\"><figure class=\"swiper-slide-inner\"><img decoding=\"async\" class=\"swiper-slide-image\" src=\"https:\/\/backup.gasthaus-gerschnialp.ch\/wp-content\/uploads\/2018\/08\/geschichte_2-1024x561.jpg\" alt=\"Die Gerschnialp um ca. 1920\" \/><figcaption class=\"elementor-image-carousel-caption\">Die Gerschnialp um ca. 1920<\/figcaption><\/figure><\/div><div class=\"swiper-slide\"><figure class=\"swiper-slide-inner\"><img decoding=\"async\" class=\"swiper-slide-image\" src=\"https:\/\/backup.gasthaus-gerschnialp.ch\/wp-content\/uploads\/2018\/08\/geschichte_3-1024x529.jpg\" alt=\"Die Alpweiden vor rund 80 Jahren. Damals wurde die Alp in zwei Teuile geteilt in Ober- und Untergerschni, unterteilt mit einer Steinmauer wie man auf dem Bild sehen kann.\" \/><figcaption class=\"elementor-image-carousel-caption\">Die Alpweiden vor rund 80 Jahren. Damals wurde die Alp in zwei Teuile geteilt in Ober- und Untergerschni, unterteilt mit einer Steinmauer wie man auf dem Bild sehen kann.<\/figcaption><\/figure><\/div><div class=\"swiper-slide\"><figure class=\"swiper-slide-inner\"><img decoding=\"async\" class=\"swiper-slide-image\" src=\"https:\/\/backup.gasthaus-gerschnialp.ch\/wp-content\/uploads\/2018\/08\/geschichte_4-1024x559.jpg\" alt=\"Wintersport in Engelberg auf dem &quot;Skifeld Gerschnialp&quot; ca. 1905\" \/><figcaption class=\"elementor-image-carousel-caption\">Wintersport in Engelberg auf dem \"Skifeld Gerschnialp\" ca. 1905<\/figcaption><\/figure><\/div><div class=\"swiper-slide\"><figure class=\"swiper-slide-inner\"><img decoding=\"async\" class=\"swiper-slide-image\" src=\"https:\/\/backup.gasthaus-gerschnialp.ch\/wp-content\/uploads\/2018\/08\/geschichte_5-1024x556.jpg\" alt=\"Erster Skilift in Engelberg auf der Gerschnialp, sp\u00e4ter Skilift Klostermatte 1938-1940\" \/><figcaption class=\"elementor-image-carousel-caption\">Erster Skilift in Engelberg auf der Gerschnialp, sp\u00e4ter Skilift Klostermatte 1938-1940<\/figcaption><\/figure><\/div><div class=\"swiper-slide\"><figure class=\"swiper-slide-inner\"><img decoding=\"async\" class=\"swiper-slide-image\" src=\"https:\/\/backup.gasthaus-gerschnialp.ch\/wp-content\/uploads\/2018\/08\/geschichte_6-1024x569.jpg\" alt=\"Die alte Alph\u00fctte auf Gerschni, das sp\u00e4tere Caf\u00e9 Ritz\" \/><figcaption class=\"elementor-image-carousel-caption\">Die alte Alph\u00fctte auf Gerschni, das sp\u00e4tere Caf\u00e9 Ritz<\/figcaption><\/figure><\/div>\t\t\t<\/div>\n\t\t\t\t\t\t\t\t\t\t\t\t<div class=\"swiper-pagination\"><\/div>\n\t\t\t\t\t\t\t\t\t\t\t\t\t<div class=\"elementor-swiper-button elementor-swiper-button-prev\" role=\"button\" tabindex=\"0\">\n\t\t\t\t\t\t<svg aria-hidden=\"true\" class=\"e-font-icon-svg e-eicon-chevron-left\" viewBox=\"0 0 1000 1000\" xmlns=\"http:\/\/www.w3.org\/2000\/svg\"><path d=\"M646 125C629 125 613 133 604 142L308 442C296 454 292 471 292 487 292 504 296 521 308 533L604 854C617 867 629 875 646 875 663 875 679 871 692 858 704 846 713 829 713 812 713 796 708 779 692 767L438 487 692 225C700 217 708 204 708 187 708 171 704 154 692 142 675 129 663 125 646 125Z\"><\/path><\/svg>\t\t\t\t\t\t<span class=\"elementor-screen-only\">Previous image<\/span>\n\t\t\t\t\t<\/div>\n\t\t\t\t\t<div class=\"elementor-swiper-button elementor-swiper-button-next\" role=\"button\" tabindex=\"0\">\n\t\t\t\t\t\t<svg aria-hidden=\"true\" class=\"e-font-icon-svg e-eicon-chevron-right\" viewBox=\"0 0 1000 1000\" xmlns=\"http:\/\/www.w3.org\/2000\/svg\"><path d=\"M696 533C708 521 713 504 713 487 713 471 708 454 696 446L400 146C388 133 375 125 354 125 338 125 325 129 313 142 300 154 292 171 292 187 292 204 296 221 308 233L563 492 304 771C292 783 288 800 288 817 288 833 296 850 308 863 321 871 338 875 354 875 371 875 388 867 400 854L696 533Z\"><\/path><\/svg>\t\t\t\t\t\t<span class=\"elementor-screen-only\">Next image<\/span>\n\t\t\t\t\t<\/div>\n\t\t\t\t\t\t\t\t\t<\/div>\n\t\t\t\t<\/div>\n\t\t\t\t<\/div>\n\t\t\t\t\t<\/div>\n\t\t<\/div>\n\t\t\t\t\t\t\t<\/div>\n\t\t<\/section>\n\t\t\t\t\t\t\t<\/div>\n\t\t","protected":false},"excerpt":{"rendered":"<p>ADVENTURES Summer &amp; Winter: the Gerschnialp as an ideal starting point ADVENTURES Summer &amp; Winter: the Gerschnialp as an ideal starting point [booked-calendar] The Gerschnialp The Gerschnialp is located 1263 metres above sea level.Under the famous foliage at the foot &hellip; <a href=\"https:\/\/backup.gasthaus-gerschnialp.ch\/en\/the-gerschnialp\/\">Read More<\/a><\/p>\n","protected":false},"author":1,"featured_media":0,"parent":0,"menu_order":0,"comment_status":"closed","ping_status":"closed","template":"","meta":[],"_links":{"self":[{"href":"https:\/\/backup.gasthaus-gerschnialp.ch\/en\/wp-json\/wp\/v2\/pages\/3281"}],"collection":[{"href":"https:\/\/backup.gasthaus-gerschnialp.ch\/en\/wp-json\/wp\/v2\/pages"}],"about":[{"href":"https:\/\/backup.gasthaus-gerschnialp.ch\/en\/wp-json\/wp\/v2\/types\/page"}],"author":[{"embeddable":true,"href":"https:\/\/backup.gasthaus-gerschnialp.ch\/en\/wp-json\/wp\/v2\/users\/1"}],"replies":[{"embeddable":true,"href":"https:\/\/backup.gasthaus-gerschnialp.ch\/en\/wp-json\/wp\/v2\/comments?post=3281"}],"version-history":[{"count":8,"href":"https:\/\/backup.gasthaus-gerschnialp.ch\/en\/wp-json\/wp\/v2\/pages\/3281\/revisions"}],"predecessor-version":[{"id":4208,"href":"https:\/\/backup.gasthaus-gerschnialp.ch\/en\/wp-json\/wp\/v2\/pages\/3281\/revisions\/4208"}],"wp:attachment":[{"href":"https:\/\/backup.gasthaus-gerschnialp.ch\/en\/wp-json\/wp\/v2\/media?parent=3281"}],"curies":[{"name":"wp","href":"https:\/\/api.w.org\/{rel}","templated":true}]}}